{"id":222,"date":"2018-05-22T14:04:51","date_gmt":"2018-05-22T12:04:51","guid":{"rendered":"http:\/\/www.clg-moliere-ivry.fr\/?page_id=222"},"modified":"2024-07-01T11:51:00","modified_gmt":"2024-07-01T09:51:00","slug":"cartable-en-ligne","status":"publish","type":"page","link":"https:\/\/www.clg-moliere-ivry.fr\/?page_id=222","title":{"rendered":"Acc\u00e8s \u00e0 distance au r\u00e9seau"},"content":{"rendered":"\n<p><strong>Utiliser vos identifiants permettant de se connecter sur les ordinateurs du coll\u00e8ge.<\/strong><\/p>\n\n\n\n<div class=\"wpexitlink\">Redirection automatique. <a href=\"https:\/\/accesweb-1026e.colleges-valdemarne.fr\/cd94\" rel=\"nofollow\">Cliquez ici pour acc\u00e9der aux documents personnels du coll\u00e8ge.<\/a> <\/div>","protected":false},"excerpt":{"rendered":"<p>Utiliser vos identifiants permettant de se connecter sur les ordinateurs du coll\u00e8ge.<\/p>\n","protected":false},"author":1,"featured_media":3673,"parent":0,"menu_order":0,"comment_status":"closed","ping_status":"closed","template":"","meta":{"footnotes":""},"class_list":["post-222","page","type-page","status-publish","has-post-thumbnail","czr-hentry"],"_links":{"self":[{"href":"https:\/\/www.clg-moliere-ivry.fr\/index.php?rest_route=\/wp\/v2\/pages\/222"}],"collection":[{"href":"https:\/\/www.clg-moliere-ivry.fr\/index.php?rest_route=\/wp\/v2\/pages"}],"about":[{"href":"https:\/\/www.clg-moliere-ivry.fr\/index.php?rest_route=\/wp\/v2\/types\/page"}],"author":[{"embeddable":true,"href":"https:\/\/www.clg-moliere-ivry.fr\/index.php?rest_route=\/wp\/v2\/users\/1"}],"replies":[{"embeddable":true,"href":"https:\/\/www.clg-moliere-ivry.fr\/index.php?rest_route=%2Fwp%2Fv2%2Fcomments&post=222"}],"version-history":[{"count":9,"href":"https:\/\/www.clg-moliere-ivry.fr\/index.php?rest_route=\/wp\/v2\/pages\/222\/revisions"}],"predecessor-version":[{"id":6036,"href":"https:\/\/www.clg-moliere-ivry.fr\/index.php?rest_route=\/wp\/v2\/pages\/222\/revisions\/6036"}],"wp:featuredmedia":[{"embeddable":true,"href":"https:\/\/www.clg-moliere-ivry.fr\/index.php?rest_route=\/wp\/v2\/media\/3673"}],"wp:attachment":[{"href":"https:\/\/www.clg-moliere-ivry.fr\/index.php?rest_route=%2Fwp%2Fv2%2Fmedia&parent=222"}],"curies":[{"name":"wp","href":"https:\/\/api.w.org\/{rel}","templated":true}]}}