{"id":240,"date":"2018-05-23T10:54:30","date_gmt":"2018-05-23T08:54:30","guid":{"rendered":"http:\/\/www.clg-moliere-ivry.fr\/?page_id=240"},"modified":"2018-05-23T11:07:12","modified_gmt":"2018-05-23T09:07:12","slug":"atelier-lecture","status":"publish","type":"page","link":"https:\/\/www.clg-moliere-ivry.fr\/?page_id=240","title":{"rendered":"Atelier lecture"},"content":{"rendered":"<p style=\"text-align: center;\"><span style=\"font-family: Times New Roman, serif;\"><span style=\"font-size: large;\"><u><b>L\u2019atelier lecture\u2026 <\/b><\/u><\/span><\/span><\/p>\n<p style=\"text-align: center;\"><span style=\"font-family: Times New Roman, serif;\"><span style=\"font-size: large;\"><u><b>Pour qu\u2019aucun \u00e9l\u00e8ve ne soit exclu des plaisirs de la lecture\u00a0!<\/b><\/u><\/span><\/span><\/p>\n<p align=\"JUSTIFY\"><span style=\"font-family: Times New Roman, serif;\"><span style=\"font-size: medium;\">Le coll\u00e8ge propose aux \u00e9l\u00e8ves encore mal \u00e0 l\u2019aise avec la lecture \u00e0 l\u2019entr\u00e9e en 6<\/span><\/span><sup><span style=\"font-family: Times New Roman, serif;\"><span style=\"font-size: medium;\">\u00e8me<\/span><\/span><\/sup><span style=\"font-family: Times New Roman, serif;\"><span style=\"font-size: medium;\"> une aide pour travailler et am\u00e9liorer leur compr\u00e9hension des \u00e9crits. Ce dispositif, appel\u00e9 <\/span><\/span><span style=\"font-family: Times New Roman, serif;\"><span style=\"font-size: medium;\"><b>Atelier lecture<\/b><\/span><\/span><span style=\"font-family: Times New Roman, serif;\"><span style=\"font-size: medium;\">, vise \u00e0 enseigner une v\u00e9ritable m\u00e9thode pour comprendre les textes.<\/span><\/span><\/p>\n<p align=\"JUSTIFY\"><span style=\"font-family: Times New Roman, serif;\"><span style=\"font-size: medium;\">Au d\u00e9but de l\u2019ann\u00e9e, tous les \u00e9l\u00e8ves de 6<\/span><\/span><sup><span style=\"font-family: Times New Roman, serif;\"><span style=\"font-size: medium;\">\u00e8me<\/span><\/span><\/sup><span style=\"font-family: Times New Roman, serif;\"><span style=\"font-size: medium;\"> passent des \u00e9valuations de \u00ab\u00a0Ma\u00eetrise de la langue\u00a0\u00bb, c\u2019est-\u00e0-dire que l\u2019on \u00e9value leurs capacit\u00e9s de compr\u00e9hension \u00e0 travers des exercices m\u00ealant les disciplines. Les r\u00e9sultats de ces \u00e9valuations permettent de d\u00e9terminer quels sont les \u00e9l\u00e8ves qui ont besoin d\u2019aide.<\/span><\/span><\/p>\n<p align=\"JUSTIFY\"><span style=\"font-family: Times New Roman, serif;\"><span style=\"font-size: medium;\">Les \u00e9l\u00e8ves choisis b\u00e9n\u00e9ficient alors d\u2019un soutien par petits groupes de quatre heures hebdomadaires. <\/span><\/span><\/p>\n<p align=\"JUSTIFY\"><span style=\"font-family: Times New Roman, serif;\"><span style=\"font-size: medium;\"><u><b>Trois objectifs\u00a0sont poursuivis<\/b><\/u><\/span><\/span><span style=\"font-family: Times New Roman, serif;\"><span style=\"font-size: medium;\"><b>: <\/b><\/span><\/span><\/p>\n<ul>\n<li>\n<p align=\"JUSTIFY\"><span style=\"font-family: Times New Roman, serif;\"><span style=\"font-size: medium;\"><b>donner de v\u00e9ritables \u00ab\u00a0trucs\u00a0\u00bb pour comprendre les \u00e9crits,<\/b><\/span><\/span><\/p>\n<\/li>\n<li>\n<p align=\"JUSTIFY\"><span style=\"font-family: Times New Roman, serif;\"><span style=\"font-size: medium;\"><b>faire acc\u00e9der les \u00e9l\u00e8ves au plaisir de la lecture,<\/b><\/span><\/span><\/p>\n<\/li>\n<li>\n<p align=\"JUSTIFY\"><a name=\"_GoBack\"><\/a> <span style=\"font-family: Times New Roman, serif;\"><span style=\"font-size: medium;\"><b>les aider dans les travaux de lecture donn\u00e9s par les professeurs de fran\u00e7ais.<\/b><\/span><\/span><\/p>\n<\/li>\n<\/ul>\n<p>&nbsp;<\/p>\n<p><u><a href=\"http:\/\/www.clg-moliere-ivry.fr\/wp-content\/uploads\/2018\/05\/lecture2.gif\"><img loading=\"lazy\" decoding=\"async\" class=\"aligncenter size-medium wp-image-245\" src=\"http:\/\/www.clg-moliere-ivry.fr\/wp-content\/uploads\/2018\/05\/lecture2.gif\" alt=\"\" width=\"250\" height=\"218\" \/><\/a><\/u><\/p>\n<p align=\"CENTER\"><span style=\"font-family: Times New Roman, serif;\"><span style=\"font-size: medium;\"><u><b>L\u2019Atelier lecture en questions\u2026<\/b><\/u><\/span><\/span><\/p>\n<p align=\"JUSTIFY\"><strong><span style=\"font-family: Times New Roman,serif;\"><span style=\"font-size: medium;\"><u>Pour qui\u00a0?<\/u><\/span><\/span><\/strong><\/p>\n<p align=\"JUSTIFY\"><span style=\"font-family: Times New Roman, serif;\"><span style=\"font-size: medium;\">Pour les \u00e9l\u00e8ves de 6<\/span><\/span><sup><span style=\"font-family: Times New Roman, serif;\"><span style=\"font-size: medium;\">\u00e8me<\/span><\/span><\/sup><span style=\"font-family: Times New Roman, serif;\"><span style=\"font-size: medium;\"> qui ont encore du mal \u00e0 comprendre finement les textes ou \u00e0 mener une lecture longue.<\/span><\/span><\/p>\n<p align=\"JUSTIFY\"><strong><span style=\"font-family: Times New Roman,serif;\"><span style=\"font-size: medium;\"><u>Comment\u00a0?<\/u><\/span><\/span><\/strong><\/p>\n<p align=\"JUSTIFY\"><span style=\"font-family: Times New Roman, serif;\"><span style=\"font-size: medium;\">Par petits groupes, quatre heures par semaine (une heure par jour).<\/span><\/span><\/p>\n<p align=\"JUSTIFY\"><strong><span style=\"font-family: Times New Roman,serif;\"><span style=\"font-size: medium;\"><u>Qu\u2019apprend-on\u00a0?\u00a0<\/u><\/span><\/span><\/strong><\/p>\n<p align=\"JUSTIFY\"><span style=\"font-family: Times New Roman, serif;\"><span style=\"font-size: medium;\">On apprend \u00e0 devenir lecteur expert gr\u00e2ce \u00e0 des m\u00e9thodes concr\u00e8tes, rigoureuses et progressives.<\/span><\/span><\/p>\n<p align=\"JUSTIFY\"><span style=\"font-family: Times New Roman, serif;\"><span style=\"font-size: medium;\">On devient \u00ab\u00a0enqu\u00eateur\u00a0\u00bb, actif \u00e0 la recherche du sens, attentif aux indices qui peuvent guider notre compr\u00e9hension.<\/span><\/span><\/p>\n<p align=\"JUSTIFY\"><strong><span style=\"font-family: Times New Roman,serif;\"><span style=\"font-size: medium;\"><u>Que fait-on\u00a0?<\/u><\/span><\/span><\/strong><\/p>\n<p align=\"JUSTIFY\"><span style=\"font-family: Times New Roman, serif;\"><span style=\"font-size: medium;\">On lit toutes sortes de textes (r\u00e9cits, documents, presse\u2026) avec le souci de les comprendre finement. On manifeste sa compr\u00e9hension de diff\u00e9rentes fa\u00e7ons\u00a0: en racontant ce qu\u2019on a lu, en jouant des sc\u00e8nes, en dessinant ce qu\u2019on a compris\u2026<\/span><\/span><\/p>\n<p align=\"JUSTIFY\"><span style=\"font-family: Times New Roman, serif;\"><span style=\"font-size: medium;\">On lit des romans, on va au CDI, on travaille sur des logiciels\u2026<\/span><\/span><\/p>\n<p align=\"JUSTIFY\"><span style=\"font-family: Times New Roman, serif;\"><span style=\"font-size: medium;\">On avance le travail de lecture donn\u00e9 en classe par le professeur de fran\u00e7ais.<\/span><\/span><\/p>\n<p align=\"JUSTIFY\"><u><a href=\"http:\/\/www.clg-moliere-ivry.fr\/wp-content\/uploads\/2018\/05\/al1.jpg\"><img loading=\"lazy\" decoding=\"async\" class=\"aligncenter size-full wp-image-244\" src=\"http:\/\/www.clg-moliere-ivry.fr\/wp-content\/uploads\/2018\/05\/al1.jpg\" alt=\"\" width=\"250\" height=\"239\" \/><\/a><\/u><\/p>\n<p align=\"JUSTIFY\">\n","protected":false},"excerpt":{"rendered":"<p>L\u2019atelier lecture\u2026 Pour qu\u2019aucun \u00e9l\u00e8ve ne soit exclu des plaisirs de la lecture\u00a0! Le coll\u00e8ge propose aux \u00e9l\u00e8ves encore mal \u00e0 l\u2019aise avec la lecture \u00e0 l\u2019entr\u00e9e en 6\u00e8me une aide pour travailler et am\u00e9liorer leur compr\u00e9hension des \u00e9crits. Ce dispositif, appel\u00e9 Atelier lecture, vise \u00e0 enseigner une v\u00e9ritable m\u00e9thode pour comprendre les textes. Au [&hellip;]<\/p>\n","protected":false},"author":1,"featured_media":246,"parent":0,"menu_order":0,"comment_status":"closed","ping_status":"closed","template":"","meta":{"footnotes":""},"class_list":["post-240","page","type-page","status-publish","has-post-thumbnail","czr-hentry"],"_links":{"self":[{"href":"https:\/\/www.clg-moliere-ivry.fr\/index.php?rest_route=\/wp\/v2\/pages\/240"}],"collection":[{"href":"https:\/\/www.clg-moliere-ivry.fr\/index.php?rest_route=\/wp\/v2\/pages"}],"about":[{"href":"https:\/\/www.clg-moliere-ivry.fr\/index.php?rest_route=\/wp\/v2\/types\/page"}],"author":[{"embeddable":true,"href":"https:\/\/www.clg-moliere-ivry.fr\/index.php?rest_route=\/wp\/v2\/users\/1"}],"replies":[{"embeddable":true,"href":"https:\/\/www.clg-moliere-ivry.fr\/index.php?rest_route=%2Fwp%2Fv2%2Fcomments&post=240"}],"version-history":[{"count":4,"href":"https:\/\/www.clg-moliere-ivry.fr\/index.php?rest_route=\/wp\/v2\/pages\/240\/revisions"}],"predecessor-version":[{"id":248,"href":"https:\/\/www.clg-moliere-ivry.fr\/index.php?rest_route=\/wp\/v2\/pages\/240\/revisions\/248"}],"wp:featuredmedia":[{"embeddable":true,"href":"https:\/\/www.clg-moliere-ivry.fr\/index.php?rest_route=\/wp\/v2\/media\/246"}],"wp:attachment":[{"href":"https:\/\/www.clg-moliere-ivry.fr\/index.php?rest_route=%2Fwp%2Fv2%2Fmedia&parent=240"}],"curies":[{"name":"wp","href":"https:\/\/api.w.org\/{rel}","templated":true}]}}