{"id":281,"date":"2018-05-28T17:13:14","date_gmt":"2018-05-28T15:13:14","guid":{"rendered":"http:\/\/www.clg-moliere-ivry.fr\/?page_id=281"},"modified":"2018-09-17T15:49:34","modified_gmt":"2018-09-17T13:49:34","slug":"handball","status":"publish","type":"page","link":"https:\/\/www.clg-moliere-ivry.fr\/?page_id=281","title":{"rendered":"Handball"},"content":{"rendered":"<p><strong>Horaires\u00a0:<\/strong>\u00a0<span style=\"color: #000000;\">tous les mercredis\u00a0de 13h30 \u00e0 15h30 pour les benjamines et benjamins (n\u00e9s en 2008, 2007, 2006), et de 15h30 \u00e0 17h30 pour les minimes filles et gar\u00e7ons (n\u00e9s en 2005, 2004, 2003).<\/span><br \/>\n<strong>Professeurs :<\/strong>\u00a0Mme COLLINEAU, M. PREVOT, M. PEREZ.<br \/>\n<strong>Lieu\u00a0:<\/strong> gymnase des Epinettes.<\/p>\n<p>L\u2019inscription peut se faire tout au long de l\u2019ann\u00e9e ; il faut fournir une autorisation parentale sign\u00e9e (\u00e0 demander \u00e0 un professeur d&rsquo;EPS) et la somme de 20 euros, payable en ch\u00e8que ou en esp\u00e8ces.<\/p>\n<div>Toutes les cat\u00e9gories sont repr\u00e9sent\u00e9es (benjamins et minimes), chez les filles et chez les gar\u00e7ons. Cela permet de participer au championnat district (d\u00e9but d&rsquo;ann\u00e9e), puis d\u00e9partemental (vers d\u00e9cembre et janvier). Puis, en fin d&rsquo;ann\u00e9e vient la Coupe des Coll\u00e8ges. Aussi, d\u00e8s le mois d&rsquo;octobre commencent les certifications en arbitrage (pour les volontaires) : de niveau district, puis d\u00e9partemental, voire r\u00e9gional.<\/div>\n<div><\/div>\n<div>Enfin, depuis l&rsquo;ann\u00e9e scolaire 2017-2018,<strong> il existe une convention entre le coll\u00e8ge Moli\u00e8re et l&rsquo;USI handball.<\/strong> Concr\u00e8tement, cette convention permet :<\/div>\n<div>-pour les benjamins, de faire des entra\u00eenements en commun avec les -13ans de l&rsquo;USI. C&rsquo;est la fili\u00e8re \u00ab\u00a0haut niveau\u00a0\u00bb de l&rsquo;AS handball,<\/div>\n<div>-d&rsquo;\u00eatre invit\u00e9 plusieurs fois dans l&rsquo;ann\u00e9e \u00e0 venir encourager l&rsquo;\u00e9quipe professionnelle de handball de l&rsquo;USI au gymnase Delaune, les mercredis soirs \u00e0 20h,<\/div>\n<div>-d&rsquo;accueillir des joueurs professionnels de l&rsquo;USI durant les entra\u00eenements de l&rsquo;AS.<\/div>\n<div><\/div>\n<div>Article sur cette convention \u00e0 retrouver sur le site de l&rsquo;USI :\u00a0<a href=\"http:\/\/www.hand-ivry.org\/equipe-jeunes\/2017moins05moins10\/convention-signee-entre-us-ivry-et-college-moliere\" target=\"_blank\" rel=\"noopener\" data-saferedirecturl=\"https:\/\/www.google.com\/url?hl=fr&amp;q=http:\/\/www.hand-ivry.org\/equipe-jeunes\/2017moins05moins10\/convention-signee-entre-us-ivry-et-college-moliere&amp;source=gmail&amp;ust=1527606520888000&amp;usg=AFQjCNGT2lFNKjqWmZUUMVJewr0F6dMJgQ\">http:\/\/www.hand-ivry.org\/<wbr \/>equipe-jeunes\/<wbr \/>2017moins05moins10\/convention-<wbr \/>signee-entre-us-ivry-et-<wbr \/>college-moliere<\/a>.<\/div>\n","protected":false},"excerpt":{"rendered":"<p>Horaires\u00a0:\u00a0tous les mercredis\u00a0de 13h30 \u00e0 15h30 pour les benjamines et benjamins (n\u00e9s en 2008, 2007, 2006), et de 15h30 \u00e0 17h30 pour les minimes filles et gar\u00e7ons (n\u00e9s en 2005, 2004, 2003). Professeurs :\u00a0Mme COLLINEAU, M. PREVOT, M. PEREZ. Lieu\u00a0: gymnase des Epinettes. L\u2019inscription peut se faire tout au long de l\u2019ann\u00e9e ; il faut [&hellip;]<\/p>\n","protected":false},"author":1,"featured_media":0,"parent":35,"menu_order":0,"comment_status":"closed","ping_status":"closed","template":"","meta":{"footnotes":""},"class_list":["post-281","page","type-page","status-publish","czr-hentry"],"_links":{"self":[{"href":"https:\/\/www.clg-moliere-ivry.fr\/index.php?rest_route=\/wp\/v2\/pages\/281"}],"collection":[{"href":"https:\/\/www.clg-moliere-ivry.fr\/index.php?rest_route=\/wp\/v2\/pages"}],"about":[{"href":"https:\/\/www.clg-moliere-ivry.fr\/index.php?rest_route=\/wp\/v2\/types\/page"}],"author":[{"embeddable":true,"href":"https:\/\/www.clg-moliere-ivry.fr\/index.php?rest_route=\/wp\/v2\/users\/1"}],"replies":[{"embeddable":true,"href":"https:\/\/www.clg-moliere-ivry.fr\/index.php?rest_route=%2Fwp%2Fv2%2Fcomments&post=281"}],"version-history":[{"count":4,"href":"https:\/\/www.clg-moliere-ivry.fr\/index.php?rest_route=\/wp\/v2\/pages\/281\/revisions"}],"predecessor-version":[{"id":1527,"href":"https:\/\/www.clg-moliere-ivry.fr\/index.php?rest_route=\/wp\/v2\/pages\/281\/revisions\/1527"}],"up":[{"embeddable":true,"href":"https:\/\/www.clg-moliere-ivry.fr\/index.php?rest_route=\/wp\/v2\/pages\/35"}],"wp:attachment":[{"href":"https:\/\/www.clg-moliere-ivry.fr\/index.php?rest_route=%2Fwp%2Fv2%2Fmedia&parent=281"}],"curies":[{"name":"wp","href":"https:\/\/api.w.org\/{rel}","templated":true}]}}