{"id":3858,"date":"2021-08-31T20:50:57","date_gmt":"2021-08-31T18:50:57","guid":{"rendered":"http:\/\/www.clg-moliere-ivry.fr\/?page_id=3858"},"modified":"2021-08-31T20:50:57","modified_gmt":"2021-08-31T18:50:57","slug":"justification-des-absences","status":"publish","type":"page","link":"https:\/\/www.clg-moliere-ivry.fr\/?page_id=3858","title":{"rendered":"Justification des absences"},"content":{"rendered":"\n<p class=\"has-text-color has-text-align-center has-vivid-red-color\"><strong>La justification des absences se fait d\u00e9sormais via Pronote.<\/strong><\/p>\n\n\n\n<h5 class=\"wp-block-heading\">M\u00e9thode depuis le site internet Pronote :<\/h5>\n\n\n\n<p>\u00c9tape 1 : Rendez-vous sur la page de connexion : <a href=\"https:\/\/0941026e.index-education.net\/pronote\/\">cliquer ici<\/a><\/p>\n\n\n\n<p>\u00c9tape 2 : Suivez les indications de cette vid\u00e9o :<\/p>\n\n\n\n<figure class=\"wp-block-embed-vimeo wp-block-embed is-type-video is-provider-vimeo wp-embed-aspect-16-9 wp-has-aspect-ratio\"><div class=\"wp-block-embed__wrapper\">\n<iframe loading=\"lazy\" title=\"Justifier une absence\" src=\"https:\/\/player.vimeo.com\/video\/112908276?dnt=1&amp;app_id=122963&amp;h=d1428e8baa\" width=\"1140\" height=\"641\" frameborder=\"0\" allow=\"autoplay; fullscreen; picture-in-picture\" allowfullscreen><\/iframe>\n<\/div><\/figure>\n","protected":false},"excerpt":{"rendered":"<p>La justification des absences se fait d\u00e9sormais via Pronote. M\u00e9thode depuis le site internet Pronote : \u00c9tape 1 : Rendez-vous sur la page de connexion : cliquer ici \u00c9tape 2 : Suivez les indications de cette vid\u00e9o :<\/p>\n","protected":false},"author":1,"featured_media":0,"parent":0,"menu_order":0,"comment_status":"closed","ping_status":"closed","template":"","meta":{"footnotes":""},"class_list":["post-3858","page","type-page","status-publish","czr-hentry"],"_links":{"self":[{"href":"https:\/\/www.clg-moliere-ivry.fr\/index.php?rest_route=\/wp\/v2\/pages\/3858"}],"collection":[{"href":"https:\/\/www.clg-moliere-ivry.fr\/index.php?rest_route=\/wp\/v2\/pages"}],"about":[{"href":"https:\/\/www.clg-moliere-ivry.fr\/index.php?rest_route=\/wp\/v2\/types\/page"}],"author":[{"embeddable":true,"href":"https:\/\/www.clg-moliere-ivry.fr\/index.php?rest_route=\/wp\/v2\/users\/1"}],"replies":[{"embeddable":true,"href":"https:\/\/www.clg-moliere-ivry.fr\/index.php?rest_route=%2Fwp%2Fv2%2Fcomments&post=3858"}],"version-history":[{"count":1,"href":"https:\/\/www.clg-moliere-ivry.fr\/index.php?rest_route=\/wp\/v2\/pages\/3858\/revisions"}],"predecessor-version":[{"id":3859,"href":"https:\/\/www.clg-moliere-ivry.fr\/index.php?rest_route=\/wp\/v2\/pages\/3858\/revisions\/3859"}],"wp:attachment":[{"href":"https:\/\/www.clg-moliere-ivry.fr\/index.php?rest_route=%2Fwp%2Fv2%2Fmedia&parent=3858"}],"curies":[{"name":"wp","href":"https:\/\/api.w.org\/{rel}","templated":true}]}}