{"id":67,"date":"2018-05-11T10:02:26","date_gmt":"2018-05-11T08:02:26","guid":{"rendered":"http:\/\/www.clg-moliere-ivry.fr\/?page_id=67"},"modified":"2022-06-14T12:05:24","modified_gmt":"2022-06-14T10:05:24","slug":"presentation","status":"publish","type":"page","link":"https:\/\/www.clg-moliere-ivry.fr\/?page_id=67","title":{"rendered":"Pr\u00e9sentation"},"content":{"rendered":"<p>Le coll\u00e8ge Moli\u00e8re est situ\u00e9 \u00e0 Ivry-Sur-Seine dans l&rsquo;acad\u00e9mie de Cr\u00e9teil. Il compte 25 classes allant de la 6\u00e8me \u00e0 la 3\u00e8me ainsi que la classe Moli\u00e8re qui accueille des \u00e9l\u00e8ves NSA (Non Scolaris\u00e9s Ant\u00e9rieurement) pour un total de 530 \u00e9l\u00e8ves.<\/p>\n<p>\u00a0<\/p>\n<p>\u00a0<\/p>\n<p>\u00a0<\/p>\n\n\n<figure class=\"wp-block-gallery columns-1 is-cropped wp-block-gallery-1 is-layout-flex wp-block-gallery-is-layout-flex\"><ul class=\"blocks-gallery-grid\"><li class=\"blocks-gallery-item\"><figure><img loading=\"lazy\" decoding=\"async\" width=\"1024\" height=\"683\" src=\"http:\/\/www.clg-moliere-ivry.fr\/wp-content\/uploads\/2019\/07\/DSC03501-1024x683.jpg\" alt=\"\" data-id=\"2761\" data-full-url=\"http:\/\/www.clg-moliere-ivry.fr\/wp-content\/uploads\/2019\/07\/DSC03501.jpg\" data-link=\"http:\/\/www.clg-moliere-ivry.fr\/?attachment_id=2761\" class=\"wp-image-2761\" srcset=\"https:\/\/www.clg-moliere-ivry.fr\/wp-content\/uploads\/2019\/07\/DSC03501-1024x683.jpg 1024w, https:\/\/www.clg-moliere-ivry.fr\/wp-content\/uploads\/2019\/07\/DSC03501-300x200.jpg 300w, https:\/\/www.clg-moliere-ivry.fr\/wp-content\/uploads\/2019\/07\/DSC03501-768x512.jpg 768w\" sizes=\"(max-width: 1024px) 100vw, 1024px\" \/><\/figure><\/li><\/ul><\/figure>\n","protected":false},"excerpt":{"rendered":"<p>Le coll\u00e8ge Moli\u00e8re est situ\u00e9 \u00e0 Ivry-Sur-Seine dans l&rsquo;acad\u00e9mie de Cr\u00e9teil. Il compte 25 classes allant de la 6\u00e8me \u00e0 la 3\u00e8me ainsi que la classe Moli\u00e8re qui accueille des \u00e9l\u00e8ves NSA (Non Scolaris\u00e9s Ant\u00e9rieurement) pour un total de 530 \u00e9l\u00e8ves. \u00a0 \u00a0 \u00a0<\/p>\n","protected":false},"author":1,"featured_media":0,"parent":0,"menu_order":0,"comment_status":"closed","ping_status":"closed","template":"","meta":{"footnotes":""},"class_list":["post-67","page","type-page","status-publish","czr-hentry"],"_links":{"self":[{"href":"https:\/\/www.clg-moliere-ivry.fr\/index.php?rest_route=\/wp\/v2\/pages\/67"}],"collection":[{"href":"https:\/\/www.clg-moliere-ivry.fr\/index.php?rest_route=\/wp\/v2\/pages"}],"about":[{"href":"https:\/\/www.clg-moliere-ivry.fr\/index.php?rest_route=\/wp\/v2\/types\/page"}],"author":[{"embeddable":true,"href":"https:\/\/www.clg-moliere-ivry.fr\/index.php?rest_route=\/wp\/v2\/users\/1"}],"replies":[{"embeddable":true,"href":"https:\/\/www.clg-moliere-ivry.fr\/index.php?rest_route=%2Fwp%2Fv2%2Fcomments&post=67"}],"version-history":[{"count":4,"href":"https:\/\/www.clg-moliere-ivry.fr\/index.php?rest_route=\/wp\/v2\/pages\/67\/revisions"}],"predecessor-version":[{"id":4715,"href":"https:\/\/www.clg-moliere-ivry.fr\/index.php?rest_route=\/wp\/v2\/pages\/67\/revisions\/4715"}],"wp:attachment":[{"href":"https:\/\/www.clg-moliere-ivry.fr\/index.php?rest_route=%2Fwp%2Fv2%2Fmedia&parent=67"}],"curies":[{"name":"wp","href":"https:\/\/api.w.org\/{rel}","templated":true}]}}