{"id":74,"date":"2018-05-11T10:06:12","date_gmt":"2018-05-11T08:06:12","guid":{"rendered":"http:\/\/www.clg-moliere-ivry.fr\/?page_id=74"},"modified":"2025-04-29T14:59:58","modified_gmt":"2025-04-29T12:59:58","slug":"infos-pratiques","status":"publish","type":"page","link":"https:\/\/www.clg-moliere-ivry.fr\/?page_id=74","title":{"rendered":"Infos pratiques"},"content":{"rendered":"<p style=\"text-align: center;\"><strong>Adresse :<\/strong><br \/>Coll\u00e8ge Moli\u00e8re<br \/>68 rue Moli\u00e8re<br \/>94200 Ivry-Sur-Seine<\/p>\n<p style=\"text-align: center;\"><strong>T\u00e9l\u00e9phone :<\/strong><br \/>01 46 70 13 00<\/p>\n<p style=\"text-align: center;\"><strong>Pour venir au coll\u00e8ge :<\/strong><br \/>RER C arr\u00eat Ivry-Sur-Seine<br \/>BUS : lignes 323, 125,<br \/>M\u00e9tro : Mairie d&rsquo;Ivry (puis 10 minutes de marche)<\/p>\n<p style=\"text-align: center;\">\n\n<div class=\"wp-block-image\">\n<figure class=\"aligncenter size-full is-resized\"><img loading=\"lazy\" decoding=\"async\" width=\"601\" height=\"498\" src=\"https:\/\/www.clg-moliere-ivry.fr\/wp-content\/uploads\/2025\/04\/Ivry.png\" alt=\"\" class=\"wp-image-6161\" style=\"width:595px;height:auto\" srcset=\"https:\/\/www.clg-moliere-ivry.fr\/wp-content\/uploads\/2025\/04\/Ivry.png 601w, https:\/\/www.clg-moliere-ivry.fr\/wp-content\/uploads\/2025\/04\/Ivry-300x249.png 300w\" sizes=\"(max-width: 601px) 100vw, 601px\" \/><\/figure><\/div>\n\n\n<p class=\"has-text-align-center\"><strong>Labellisations du coll\u00e8ge Moli\u00e8re <\/strong><\/p>\n\n\n\n<div class=\"wp-block-group\"><div class=\"wp-block-group__inner-container is-layout-constrained wp-block-group-is-layout-constrained\">\n<figure class=\"wp-block-gallery has-nested-images columns-default is-cropped wp-block-gallery-1 is-layout-flex wp-block-gallery-is-layout-flex\">\n<figure class=\"wp-block-image size-large\"><img loading=\"lazy\" decoding=\"async\" width=\"1024\" height=\"644\" src=\"https:\/\/www.clg-moliere-ivry.fr\/wp-content\/uploads\/2025\/04\/LABEL-E3D-niveau-1-1024x644.png\" alt=\"\" class=\"wp-image-6164\" srcset=\"https:\/\/www.clg-moliere-ivry.fr\/wp-content\/uploads\/2025\/04\/LABEL-E3D-niveau-1-1024x644.png 1024w, https:\/\/www.clg-moliere-ivry.fr\/wp-content\/uploads\/2025\/04\/LABEL-E3D-niveau-1-300x189.png 300w, https:\/\/www.clg-moliere-ivry.fr\/wp-content\/uploads\/2025\/04\/LABEL-E3D-niveau-1-768x483.png 768w, https:\/\/www.clg-moliere-ivry.fr\/wp-content\/uploads\/2025\/04\/LABEL-E3D-niveau-1.png 1500w\" sizes=\"(max-width: 1024px) 100vw, 1024px\" \/><\/figure>\n\n\n\n<figure class=\"wp-block-image size-large\"><img loading=\"lazy\" decoding=\"async\" width=\"365\" height=\"138\" src=\"https:\/\/www.clg-moliere-ivry.fr\/wp-content\/uploads\/2025\/04\/label-edusante.jpg\" alt=\"\" class=\"wp-image-6163\" srcset=\"https:\/\/www.clg-moliere-ivry.fr\/wp-content\/uploads\/2025\/04\/label-edusante.jpg 365w, https:\/\/www.clg-moliere-ivry.fr\/wp-content\/uploads\/2025\/04\/label-edusante-300x113.jpg 300w\" sizes=\"(max-width: 365px) 100vw, 365px\" \/><\/figure>\n\n\n\n<figure class=\"wp-block-image size-full\"><img loading=\"lazy\" decoding=\"async\" width=\"944\" height=\"347\" src=\"https:\/\/www.clg-moliere-ivry.fr\/wp-content\/uploads\/2025\/04\/phare_bandeaupHARe.jpg\" alt=\"\" class=\"wp-image-6162\" srcset=\"https:\/\/www.clg-moliere-ivry.fr\/wp-content\/uploads\/2025\/04\/phare_bandeaupHARe.jpg 944w, https:\/\/www.clg-moliere-ivry.fr\/wp-content\/uploads\/2025\/04\/phare_bandeaupHARe-300x110.jpg 300w, https:\/\/www.clg-moliere-ivry.fr\/wp-content\/uploads\/2025\/04\/phare_bandeaupHARe-768x282.jpg 768w\" sizes=\"(max-width: 944px) 100vw, 944px\" \/><\/figure>\n<\/figure>\n<\/div><\/div>\n","protected":false},"excerpt":{"rendered":"<p>Adresse :Coll\u00e8ge Moli\u00e8re68 rue Moli\u00e8re94200 Ivry-Sur-Seine T\u00e9l\u00e9phone :01 46 70 13 00 Pour venir au coll\u00e8ge :RER C arr\u00eat Ivry-Sur-SeineBUS : lignes 323, 125,M\u00e9tro : Mairie d&rsquo;Ivry (puis 10 minutes de marche) Labellisations du coll\u00e8ge Moli\u00e8re<\/p>\n","protected":false},"author":1,"featured_media":0,"parent":0,"menu_order":0,"comment_status":"closed","ping_status":"closed","template":"","meta":{"footnotes":""},"class_list":["post-74","page","type-page","status-publish","czr-hentry"],"_links":{"self":[{"href":"https:\/\/www.clg-moliere-ivry.fr\/index.php?rest_route=\/wp\/v2\/pages\/74"}],"collection":[{"href":"https:\/\/www.clg-moliere-ivry.fr\/index.php?rest_route=\/wp\/v2\/pages"}],"about":[{"href":"https:\/\/www.clg-moliere-ivry.fr\/index.php?rest_route=\/wp\/v2\/types\/page"}],"author":[{"embeddable":true,"href":"https:\/\/www.clg-moliere-ivry.fr\/index.php?rest_route=\/wp\/v2\/users\/1"}],"replies":[{"embeddable":true,"href":"https:\/\/www.clg-moliere-ivry.fr\/index.php?rest_route=%2Fwp%2Fv2%2Fcomments&post=74"}],"version-history":[{"count":12,"href":"https:\/\/www.clg-moliere-ivry.fr\/index.php?rest_route=\/wp\/v2\/pages\/74\/revisions"}],"predecessor-version":[{"id":6167,"href":"https:\/\/www.clg-moliere-ivry.fr\/index.php?rest_route=\/wp\/v2\/pages\/74\/revisions\/6167"}],"wp:attachment":[{"href":"https:\/\/www.clg-moliere-ivry.fr\/index.php?rest_route=%2Fwp%2Fv2%2Fmedia&parent=74"}],"curies":[{"name":"wp","href":"https:\/\/api.w.org\/{rel}","templated":true}]}}